{"id":529,"date":"2017-04-07T15:30:38","date_gmt":"2017-04-07T15:30:38","guid":{"rendered":"http:\/\/www.rivera.gub.uy\/medioambiente\/?page_id=529"},"modified":"2023-05-11T11:43:33","modified_gmt":"2023-05-11T11:43:33","slug":"senalizacion","status":"publish","type":"page","link":"https:\/\/www.rivera.gub.uy\/transito\/divisiones\/senalizacion\/","title":{"rendered":"Se\u00f1alizaci\u00f3n"},"content":{"rendered":"<p>&nbsp;<\/p>\n<p style=\"text-align: center;\"><img loading=\"lazy\" decoding=\"async\" class=\"alignnone size-full wp-image-794\" src=\"http:\/\/www.rivera.gub.uy\/transito\/wp-content\/uploads\/2017\/07\/cabezal-division-senalizacion.png\" alt=\"Direcci\u00f3n General de Tr\u00e1nsito y Transporte - Divisi\u00f3n Se\u00f1alizaci\u00f3n\" width=\"800\" height=\"350\" \/><\/p>\n<blockquote><p><span style=\"font-weight: 400;\">Somos los responsables de trasladar las ordenanzas y reglamentaciones de tr\u00e1nsito a la v\u00eda p\u00fablica, a trav\u00e9s de se\u00f1ales para regular y ordenar el tr\u00e1nsito en el departamento.<\/span><\/p>\n<p>&nbsp;<\/p><\/blockquote>\n<p><strong>Tareas que realiza:<\/strong><\/p>\n<ul>\n<li style=\"font-weight: 400;\"><b>Pintar se\u00f1ales horizontales en el pavimento<\/b><span style=\"font-weight: 400;\">, como cebras, cruces peatonales, flechas, Se\u00f1ales de pare y ceda el paso.<\/span><\/li>\n<li style=\"font-weight: 400;\"><b>Pintura de cordones<\/b><span style=\"font-weight: 400;\"> para reservas de espacio, ascenso y descenso, carga y descarga, prohibiciones, discapacitados.<\/span><\/li>\n<li style=\"font-weight: 400;\"><b>Se\u00f1alizaci\u00f3n vertical<\/b>\n<ul>\n<li style=\"font-weight: 400;\"><span style=\"font-weight: 400;\">Reglamentarias o reguladoras<\/span><b>, <\/b><span style=\"font-weight: 400;\">ordenan y regulan la circulaci\u00f3n a trav\u00e9s de prohibiciones, obligaciones y el pautado de l\u00edmites.<\/span><\/li>\n<\/ul>\n<\/li>\n<li style=\"font-weight: 400;\"><b>Se\u00f1ales de advertencia<\/b>\n<ul>\n<li style=\"font-weight: 400;\"><span style=\"font-weight: 400;\">Advierten la proximidad de situaciones que puedan poner en peligro la libre circulaci\u00f3n.<\/span><\/li>\n<\/ul>\n<\/li>\n<li style=\"font-weight: 400;\"><b>Se\u00f1ales de gu\u00eda<\/b>\n<ul>\n<li style=\"font-weight: 400;\">Indicativas (Azul y blanco):<b>\u00a0<\/b><span style=\"font-weight: 400;\">Indican la proximidad de servicios, como paradas, migraci\u00f3n, etc.<\/span><\/li>\n<li style=\"font-weight: 400;\">Educativas (Verde y blanco)<b>:\u00a0<\/b><span style=\"font-weight: 400;\">Indican lugares tur\u00edsticos, distancias de centros poblados, etc.<\/span><\/li>\n<\/ul>\n<\/li>\n<\/ul>\n<p>.<\/p>\n<hr \/>\n<p style=\"text-align: center;\">Agraciada 570 &#8211; Segundo subsuelo.<br \/>\n<strong>Tel\u00e9fono:<\/strong> <a href=\"tel:59846231900\">462 31900<\/a>\u00a0int. 227<br \/>\n<strong>Horario de atenci\u00f3n:<\/strong> de Lunes a Viernes de 08:15 a 15:00 horas.<br \/>\n<strong>E-mail:<\/strong> <a href=\"mailto:senalizacion@rivera.gub.uy\">senalizacion@rivera.gub.uy<\/a><\/p>\n","protected":false},"excerpt":{"rendered":"<p>&nbsp; Somos los responsables de trasladar las ordenanzas y reglamentaciones de tr\u00e1nsito a la v\u00eda p\u00fablica, a trav\u00e9s de se\u00f1ales para regular y ordenar el tr\u00e1nsito en el departamento. &nbsp; Tareas que realiza: Pintar se\u00f1ales horizontales en el pavimento, como cebras, cruces peatonales, flechas, Se\u00f1ales de pare y ceda el paso. Pintura de cordones para [&hellip;]<\/p>\n","protected":false},"author":2,"featured_media":0,"parent":11,"menu_order":0,"comment_status":"closed","ping_status":"closed","template":"","meta":{"footnotes":""},"class_list":["post-529","page","type-page","status-publish","hentry"],"_links":{"self":[{"href":"https:\/\/www.rivera.gub.uy\/transito\/wp-json\/wp\/v2\/pages\/529"}],"collection":[{"href":"https:\/\/www.rivera.gub.uy\/transito\/wp-json\/wp\/v2\/pages"}],"about":[{"href":"https:\/\/www.rivera.gub.uy\/transito\/wp-json\/wp\/v2\/types\/page"}],"author":[{"embeddable":true,"href":"https:\/\/www.rivera.gub.uy\/transito\/wp-json\/wp\/v2\/users\/2"}],"replies":[{"embeddable":true,"href":"https:\/\/www.rivera.gub.uy\/transito\/wp-json\/wp\/v2\/comments?post=529"}],"version-history":[{"count":11,"href":"https:\/\/www.rivera.gub.uy\/transito\/wp-json\/wp\/v2\/pages\/529\/revisions"}],"predecessor-version":[{"id":5129,"href":"https:\/\/www.rivera.gub.uy\/transito\/wp-json\/wp\/v2\/pages\/529\/revisions\/5129"}],"up":[{"embeddable":true,"href":"https:\/\/www.rivera.gub.uy\/transito\/wp-json\/wp\/v2\/pages\/11"}],"wp:attachment":[{"href":"https:\/\/www.rivera.gub.uy\/transito\/wp-json\/wp\/v2\/media?parent=529"}],"curies":[{"name":"wp","href":"https:\/\/api.w.org\/{rel}","templated":true}]}}