{"id":532,"date":"2017-04-07T15:32:15","date_gmt":"2017-04-07T15:32:15","guid":{"rendered":"http:\/\/www.rivera.gub.uy\/medioambiente\/?page_id=532"},"modified":"2023-05-11T11:45:39","modified_gmt":"2023-05-11T11:45:39","slug":"transporte","status":"publish","type":"page","link":"https:\/\/www.rivera.gub.uy\/transito\/divisiones\/transporte\/","title":{"rendered":"Transporte"},"content":{"rendered":"<p style=\"text-align: center;\"><img loading=\"lazy\" decoding=\"async\" class=\"alignnone size-full wp-image-783\" src=\"http:\/\/www.rivera.gub.uy\/transito\/images\/servicios-division-transporte.png\" alt=\"Direcci\u00f3n General de Tr\u00e1nsito y Transporte - Divisi\u00f3n Transporte\" width=\"800\" height=\"350\" \/><\/p>\n<blockquote><p><span style=\"font-weight: 400;\">Se encarga de controlar todo el Transporte P\u00fablico del Departamento de Rivera.<\/span><\/p><\/blockquote>\n<p><strong>Tareas que realiza:<\/strong><\/p>\n<ul>\n<li><span style=\"font-weight: 400;\">Son los responsables de expedir el \u00a0Carn\u00e9 de Control a: choferes de \u00f3mnibus, tax\u00edmetros, escolares y remises; Carn\u00e9 para jubilados, pensionistas y personas mayores \u00a0de \u00a066 \u00a0a\u00f1os; \u00a0Carn\u00e9 de \u00a0Libre \u00a0Tr\u00e1nsito \u00a0para personas con discapacidad.<\/span><\/li>\n<li style=\"font-weight: 400;\"><span style=\"font-weight: 400;\">Realizan controles al Transporte Colectivo Urbano, Sub-Urbano y Departamental Rural: inspecci\u00f3n de coches, control de horarios y control de documentaci\u00f3n, a veh\u00edculos como Tax\u00edmetros, Escolares y Remises (inspecci\u00f3n de coches y documentaci\u00f3n).<\/span><\/li>\n<li style=\"font-weight: 400;\"><span style=\"font-weight: 400;\">Tambi\u00e9n se realizan tareas de fiscalizaci\u00f3n a nivel del tr\u00e1nsito en general.<\/span><\/li>\n<\/ul>\n<hr \/>\n<p style=\"text-align: center;\"><strong>Director:<\/strong> Humberto de los Santos<br \/>\nAgraciada 570 &#8211; Segundo subsuelo.<br \/>\n<strong>Tel\u00e9fono:<\/strong> <a href=\"tel:59846231900\">462 31900<\/a> Int. 142<br \/>\n<strong>Horario de atenci\u00f3n:<\/strong> de Lunes a Viernes de 08:15 a 15:00 horas.<br \/>\n<strong>E-mail:<\/strong> <a href=\"mailto:divisiontransporterivera@gmail.com\">divisiontransporterivera@gmail.com<\/a><\/p>\n","protected":false},"excerpt":{"rendered":"<p>Se encarga de controlar todo el Transporte P\u00fablico del Departamento de Rivera. Tareas que realiza: Son los responsables de expedir el \u00a0Carn\u00e9 de Control a: choferes de \u00f3mnibus, tax\u00edmetros, escolares y remises; Carn\u00e9 para jubilados, pensionistas y personas mayores \u00a0de \u00a066 \u00a0a\u00f1os; \u00a0Carn\u00e9 de \u00a0Libre \u00a0Tr\u00e1nsito \u00a0para personas con discapacidad. Realizan controles al Transporte Colectivo [&hellip;]<\/p>\n","protected":false},"author":1,"featured_media":0,"parent":11,"menu_order":0,"comment_status":"closed","ping_status":"closed","template":"","meta":{"footnotes":""},"class_list":["post-532","page","type-page","status-publish","hentry"],"_links":{"self":[{"href":"https:\/\/www.rivera.gub.uy\/transito\/wp-json\/wp\/v2\/pages\/532"}],"collection":[{"href":"https:\/\/www.rivera.gub.uy\/transito\/wp-json\/wp\/v2\/pages"}],"about":[{"href":"https:\/\/www.rivera.gub.uy\/transito\/wp-json\/wp\/v2\/types\/page"}],"author":[{"embeddable":true,"href":"https:\/\/www.rivera.gub.uy\/transito\/wp-json\/wp\/v2\/users\/1"}],"replies":[{"embeddable":true,"href":"https:\/\/www.rivera.gub.uy\/transito\/wp-json\/wp\/v2\/comments?post=532"}],"version-history":[{"count":7,"href":"https:\/\/www.rivera.gub.uy\/transito\/wp-json\/wp\/v2\/pages\/532\/revisions"}],"predecessor-version":[{"id":5131,"href":"https:\/\/www.rivera.gub.uy\/transito\/wp-json\/wp\/v2\/pages\/532\/revisions\/5131"}],"up":[{"embeddable":true,"href":"https:\/\/www.rivera.gub.uy\/transito\/wp-json\/wp\/v2\/pages\/11"}],"wp:attachment":[{"href":"https:\/\/www.rivera.gub.uy\/transito\/wp-json\/wp\/v2\/media?parent=532"}],"curies":[{"name":"wp","href":"https:\/\/api.w.org\/{rel}","templated":true}]}}