{"id":535,"date":"2017-04-07T15:34:08","date_gmt":"2017-04-07T15:34:08","guid":{"rendered":"http:\/\/www.rivera.gub.uy\/medioambiente\/?page_id=535"},"modified":"2022-06-02T13:52:18","modified_gmt":"2022-06-02T13:52:18","slug":"licencia-de-conducir","status":"publish","type":"page","link":"https:\/\/www.rivera.gub.uy\/transito\/divisiones\/licencia-de-conducir\/","title":{"rendered":"Licencia de Conducir"},"content":{"rendered":"<p style=\"text-align: center;\"><img loading=\"lazy\" decoding=\"async\" class=\"alignnone size-full wp-image-790\" src=\"http:\/\/www.rivera.gub.uy\/transito\/images\/unidades-division-licencia-de-conducir.png\" alt=\"Direcci\u00f3n General de Tr\u00e1nsito y Transporte - Divisi\u00f3n Licencia de conducir\" width=\"800\" height=\"350\" \/><\/p>\n<blockquote><p><span style=\"font-weight: 400;\">Son los \u00a0responsables por la gesti\u00f3n completa en Licencia de conducir. Siguiendo los criterios del Sistema de Gesti\u00f3n de Calidad, cumpliendo a su vez con la Normativa \u00a0Nacional de Tr\u00e1nsito.\u00a0<\/span><\/p><\/blockquote>\n<p><strong>Tareas que realiza:<\/strong><\/p>\n<ul>\n<li><span style=\"font-weight: 400;\">Expedir Licencia de conducir, diferentes categor\u00edas.<\/span><\/li>\n<li style=\"font-weight: 400;\"><span style=\"font-weight: 400;\">Renovaci\u00f3n<\/span><\/li>\n<li style=\"font-weight: 400;\"><span style=\"font-weight: 400;\">Ampliaci\u00f3n de Categor\u00eda<\/span><\/li>\n<li style=\"font-weight: 400;\"><span style=\"font-weight: 400;\">Rev\u00e1lidas <\/span><\/li>\n<li style=\"font-weight: 400;\"><span style=\"font-weight: 400;\">Duplicados<\/span><\/li>\n<\/ul>\n<hr \/>\n<p style=\"text-align: center;\"><strong>Directora:<\/strong> Cintia Miqueiro<br \/>\nAgraciada 570 &#8211; Segundo subsuelo<br \/>\n<strong>Tel\u00e9fono:<\/strong> <a href=\"tel:59846231900\">462 31900<\/a> Int. 156<br \/>\n<strong>Horario de atenci\u00f3n:<\/strong> de Lunes a Viernes de 08:15 a 15:00 horas.<br \/>\n<strong>E-mail:<\/strong>\u00a0<a href=\"mailto:licenciaconductores@rivera.gub.uy\">licenciaconductores@rivera.gub.uy<\/a><\/p>\n","protected":false},"excerpt":{"rendered":"<p>Son los \u00a0responsables por la gesti\u00f3n completa en Licencia de conducir. Siguiendo los criterios del Sistema de Gesti\u00f3n de Calidad, cumpliendo a su vez con la Normativa \u00a0Nacional de Tr\u00e1nsito.\u00a0 Tareas que realiza: Expedir Licencia de conducir, diferentes categor\u00edas. Renovaci\u00f3n Ampliaci\u00f3n de Categor\u00eda Rev\u00e1lidas Duplicados Directora: Cintia Miqueiro Agraciada 570 &#8211; Segundo subsuelo Tel\u00e9fono: 462 [&hellip;]<\/p>\n","protected":false},"author":2,"featured_media":0,"parent":11,"menu_order":0,"comment_status":"closed","ping_status":"closed","template":"","meta":{"footnotes":""},"class_list":["post-535","page","type-page","status-publish","hentry"],"_links":{"self":[{"href":"https:\/\/www.rivera.gub.uy\/transito\/wp-json\/wp\/v2\/pages\/535"}],"collection":[{"href":"https:\/\/www.rivera.gub.uy\/transito\/wp-json\/wp\/v2\/pages"}],"about":[{"href":"https:\/\/www.rivera.gub.uy\/transito\/wp-json\/wp\/v2\/types\/page"}],"author":[{"embeddable":true,"href":"https:\/\/www.rivera.gub.uy\/transito\/wp-json\/wp\/v2\/users\/2"}],"replies":[{"embeddable":true,"href":"https:\/\/www.rivera.gub.uy\/transito\/wp-json\/wp\/v2\/comments?post=535"}],"version-history":[{"count":11,"href":"https:\/\/www.rivera.gub.uy\/transito\/wp-json\/wp\/v2\/pages\/535\/revisions"}],"predecessor-version":[{"id":5091,"href":"https:\/\/www.rivera.gub.uy\/transito\/wp-json\/wp\/v2\/pages\/535\/revisions\/5091"}],"up":[{"embeddable":true,"href":"https:\/\/www.rivera.gub.uy\/transito\/wp-json\/wp\/v2\/pages\/11"}],"wp:attachment":[{"href":"https:\/\/www.rivera.gub.uy\/transito\/wp-json\/wp\/v2\/media?parent=535"}],"curies":[{"name":"wp","href":"https:\/\/api.w.org\/{rel}","templated":true}]}}