{"id":538,"date":"2017-04-07T15:38:31","date_gmt":"2017-04-07T15:38:31","guid":{"rendered":"http:\/\/www.rivera.gub.uy\/medioambiente\/?page_id=538"},"modified":"2022-06-02T13:55:22","modified_gmt":"2022-06-02T13:55:22","slug":"tramites-y-habilitaciones","status":"publish","type":"page","link":"https:\/\/www.rivera.gub.uy\/transito\/divisiones\/tramites-y-habilitaciones\/","title":{"rendered":"Tr\u00e1mites y Habilitaciones"},"content":{"rendered":"<p style=\"text-align: center;\"><img loading=\"lazy\" decoding=\"async\" class=\"alignnone size-full wp-image-792\" src=\"http:\/\/www.rivera.gub.uy\/transito\/wp-content\/uploads\/2017\/07\/cabezal-unidades-division-tramites-y-habilitaciones.png\" alt=\"unidades - Direcci\u00f3n General de Tr\u00e1nsito y Transporte - Divisi\u00f3n Tr\u00e1mites y Habilitaciones\" width=\"800\" height=\"350\" \/><\/p>\n<blockquote><p><span style=\"font-weight: 400;\">Son los responsables del registro de todo el Parque Automotor de veh\u00edculos de\u00a0<\/span>nuestro Departamento.<\/p><\/blockquote>\n<p><strong>Tareas que realiza:<\/strong><\/p>\n<ul>\n<li><span style=\"font-weight: 400;\">Registrar, dar la baja y archivar a todo el parque automotor de Rivera, a trav\u00e9s de empadronamientos, reempadronamientos, transferencias y solicitud de bajas.<\/span><\/li>\n<li style=\"font-weight: 400;\"><span style=\"font-weight: 400;\">Generar las constancias de tenencias de veh\u00edculos (negativo) y certificados de antecedentes.<\/span><\/li>\n<\/ul>\n<hr \/>\n<p style=\"text-align: center;\"><strong>Director:<\/strong> Fabian Suarez Zapata<br \/>\nAgraciada 570 &#8211; Segundo subsuelo.<br \/>\n<strong>Tel\u00e9fono:<\/strong> <a href=\"tel:59846231900\">462 31900<\/a> Int. 160<br \/>\n<strong>Horario de atenci\u00f3n:<\/strong> de Lunes a Viernes de 08:15 a 15:00 horas.<br \/>\n<strong>E-mail:<\/strong>\u00a0<a href=\"mailto:tramites.vehiculos@rivera.gub.uy\">tramites.vehiculos@rivera.gub.uy<\/a><\/p>\n","protected":false},"excerpt":{"rendered":"<p>Son los responsables del registro de todo el Parque Automotor de veh\u00edculos de\u00a0nuestro Departamento. Tareas que realiza: Registrar, dar la baja y archivar a todo el parque automotor de Rivera, a trav\u00e9s de empadronamientos, reempadronamientos, transferencias y solicitud de bajas. Generar las constancias de tenencias de veh\u00edculos (negativo) y certificados de antecedentes. Director: Fabian Suarez [&hellip;]<\/p>\n","protected":false},"author":2,"featured_media":0,"parent":11,"menu_order":0,"comment_status":"closed","ping_status":"closed","template":"","meta":{"footnotes":""},"class_list":["post-538","page","type-page","status-publish","hentry"],"_links":{"self":[{"href":"https:\/\/www.rivera.gub.uy\/transito\/wp-json\/wp\/v2\/pages\/538"}],"collection":[{"href":"https:\/\/www.rivera.gub.uy\/transito\/wp-json\/wp\/v2\/pages"}],"about":[{"href":"https:\/\/www.rivera.gub.uy\/transito\/wp-json\/wp\/v2\/types\/page"}],"author":[{"embeddable":true,"href":"https:\/\/www.rivera.gub.uy\/transito\/wp-json\/wp\/v2\/users\/2"}],"replies":[{"embeddable":true,"href":"https:\/\/www.rivera.gub.uy\/transito\/wp-json\/wp\/v2\/comments?post=538"}],"version-history":[{"count":10,"href":"https:\/\/www.rivera.gub.uy\/transito\/wp-json\/wp\/v2\/pages\/538\/revisions"}],"predecessor-version":[{"id":5093,"href":"https:\/\/www.rivera.gub.uy\/transito\/wp-json\/wp\/v2\/pages\/538\/revisions\/5093"}],"up":[{"embeddable":true,"href":"https:\/\/www.rivera.gub.uy\/transito\/wp-json\/wp\/v2\/pages\/11"}],"wp:attachment":[{"href":"https:\/\/www.rivera.gub.uy\/transito\/wp-json\/wp\/v2\/media?parent=538"}],"curies":[{"name":"wp","href":"https:\/\/api.w.org\/{rel}","templated":true}]}}