{"id":636,"date":"2017-05-30T19:36:16","date_gmt":"2017-05-30T19:36:16","guid":{"rendered":"http:\/\/www.rivera.gub.uy\/transito\/?page_id=636"},"modified":"2022-06-02T13:53:14","modified_gmt":"2022-06-02T13:53:14","slug":"terminal-de-omnibus","status":"publish","type":"page","link":"https:\/\/www.rivera.gub.uy\/transito\/divisiones\/terminal-de-omnibus\/","title":{"rendered":"Terminal de \u00d3mnibus"},"content":{"rendered":"<p>&nbsp;<\/p>\n<p style=\"text-align: center;\"><img loading=\"lazy\" decoding=\"async\" class=\"alignnone size-full wp-image-799\" src=\"http:\/\/www.rivera.gub.uy\/transito\/wp-content\/uploads\/2017\/07\/cabezal-division-terminal-de-omnibus.png\" alt=\"Direcci\u00f3n General de Tr\u00e1nsito y Transporte - Divisi\u00f3n Terminal de \u00d3mnibus\" width=\"800\" height=\"350\" \/><\/p>\n<blockquote><p><span style=\"font-weight: 400;\">S<\/span><span style=\"font-weight: 400;\">omos La Direcci\u00f3n que controla y ordena todas las partidas y llegadas de las \u00a0l\u00edneas de \u00a0\u00f3mnibus departamentales, interdepartamentales, y excursiones.<\/span><\/p><\/blockquote>\n<p><strong>Tareas que realiza:<\/strong><\/p>\n<ul>\n<li>Sala de espera<\/li>\n<li>Mantenimiento de ba\u00f1os p\u00fablicos<\/li>\n<li>Inspecci\u00f3n y certificaci\u00f3n aduanera<\/li>\n<li>Servicio de informaci\u00f3n<\/li>\n<li>SECTOR PLATAFORMAS\n<ul>\n<li>Plataformas de salidas y llegadas de \u00f3mnibus<\/li>\n<li>Asientos de espera.<\/li>\n<li>Estacionamiento de motos.<\/li>\n<\/ul>\n<\/li>\n<li>SECTOR ENCOMIENDAS\n<ul>\n<li>Locales y dep\u00f3sitos de empresas de encomiendas.<\/li>\n<\/ul>\n<\/li>\n<li>SECTOR BOLETER\u00cdAS\n<ul>\n<li>Boleter\u00edas de empresas de transporte.<\/li>\n<\/ul>\n<\/li>\n<\/ul>\n<hr \/>\n<p style=\"text-align: center;\"><strong>Director:<\/strong> Juan Pedro Costa<br \/>\nAgraciada 570 &#8211; Segundo piso.<br \/>\n<strong>Tel\u00e9fono:<\/strong> <a href=\"tel:59846231900\">462 31900<\/a>\u00a0int. 171<br \/>\n<strong>Horario de atenci\u00f3n:<\/strong> de Lunes a Viernes de 08:15 a 15:00 horas.<br \/>\n<strong>E-mail:<\/strong> <a href=\"mailto:terminaldeomnibus@rivera.gub.uy\">terminaldeomnibus@rivera.gub.uy<\/a><\/p>\n","protected":false},"excerpt":{"rendered":"<p>&nbsp; Somos La Direcci\u00f3n que controla y ordena todas las partidas y llegadas de las \u00a0l\u00edneas de \u00a0\u00f3mnibus departamentales, interdepartamentales, y excursiones. Tareas que realiza: Sala de espera Mantenimiento de ba\u00f1os p\u00fablicos Inspecci\u00f3n y certificaci\u00f3n aduanera Servicio de informaci\u00f3n SECTOR PLATAFORMAS Plataformas de salidas y llegadas de \u00f3mnibus Asientos de espera. Estacionamiento de motos. SECTOR [&hellip;]<\/p>\n","protected":false},"author":2,"featured_media":0,"parent":11,"menu_order":0,"comment_status":"closed","ping_status":"closed","template":"","meta":{"footnotes":""},"class_list":["post-636","page","type-page","status-publish","hentry"],"_links":{"self":[{"href":"https:\/\/www.rivera.gub.uy\/transito\/wp-json\/wp\/v2\/pages\/636"}],"collection":[{"href":"https:\/\/www.rivera.gub.uy\/transito\/wp-json\/wp\/v2\/pages"}],"about":[{"href":"https:\/\/www.rivera.gub.uy\/transito\/wp-json\/wp\/v2\/types\/page"}],"author":[{"embeddable":true,"href":"https:\/\/www.rivera.gub.uy\/transito\/wp-json\/wp\/v2\/users\/2"}],"replies":[{"embeddable":true,"href":"https:\/\/www.rivera.gub.uy\/transito\/wp-json\/wp\/v2\/comments?post=636"}],"version-history":[{"count":12,"href":"https:\/\/www.rivera.gub.uy\/transito\/wp-json\/wp\/v2\/pages\/636\/revisions"}],"predecessor-version":[{"id":5092,"href":"https:\/\/www.rivera.gub.uy\/transito\/wp-json\/wp\/v2\/pages\/636\/revisions\/5092"}],"up":[{"embeddable":true,"href":"https:\/\/www.rivera.gub.uy\/transito\/wp-json\/wp\/v2\/pages\/11"}],"wp:attachment":[{"href":"https:\/\/www.rivera.gub.uy\/transito\/wp-json\/wp\/v2\/media?parent=636"}],"curies":[{"name":"wp","href":"https:\/\/api.w.org\/{rel}","templated":true}]}}