{"id":651,"date":"2017-05-31T13:32:38","date_gmt":"2017-05-31T13:32:38","guid":{"rendered":"http:\/\/www.rivera.gub.uy\/transito\/?page_id=651"},"modified":"2017-08-03T15:17:04","modified_gmt":"2017-08-03T15:17:04","slug":"senalizacion","status":"publish","type":"page","link":"https:\/\/www.rivera.gub.uy\/transito\/estrategias\/senalizacion\/","title":{"rendered":"Se\u00f1alizaci\u00f3n"},"content":{"rendered":"<p style=\"text-align: center;\"><img loading=\"lazy\" decoding=\"async\" class=\"alignnone size-full wp-image-769\" src=\"http:\/\/www.rivera.gub.uy\/transito\/wp-content\/uploads\/2017\/05\/estrategias-senalizacion.png\" alt=\"Direcci\u00f3n General de Tr\u00e1nsito y Transporte - Se\u00f1alizaci\u00f3n\" width=\"800\" height=\"350\" srcset=\"https:\/\/www.rivera.gub.uy\/transito\/wp-content\/uploads\/2017\/05\/estrategias-senalizacion.png 800w, https:\/\/www.rivera.gub.uy\/transito\/wp-content\/uploads\/2017\/05\/estrategias-senalizacion-300x131.png 300w, https:\/\/www.rivera.gub.uy\/transito\/wp-content\/uploads\/2017\/05\/estrategias-senalizacion-768x336.png 768w\" sizes=\"(max-width: 800px) 100vw, 800px\" \/><\/p>\n<blockquote><p>El departamento de Rivera se caracteriza por estar en permanente desarrollo y expansi\u00f3n, por lo tanto desarrollar el proceso de transformaci\u00f3n que permita ser una ciudad inteligente conlleva un reordenamiento genera,l donde el tr\u00e1nsito y la circulaci\u00f3n peatonal son de vital importancia.<\/p><\/blockquote>\n<p>Con un gerenciamiento log\u00edstico realizamos la colocaci\u00f3n estrat\u00e9gica de las se\u00f1ales normalizadoras del tr\u00e1nsito, establecidas en puntos claves con el cometido de regularizar y facilitar la circulaci\u00f3n a los conductores, como tambi\u00e9n de los peatones, otorgando una lectura clara de las mismas.<\/p>\n<p>De esta forma manejamos la organizaci\u00f3n del flujo vial en los distintos centros poblados y principalmente en la capital departamental, debido al gran parque automotor existente.<\/p>\n","protected":false},"excerpt":{"rendered":"<p>El departamento de Rivera se caracteriza por estar en permanente desarrollo y expansi\u00f3n, por lo tanto desarrollar el proceso de transformaci\u00f3n que permita ser una ciudad inteligente conlleva un reordenamiento genera,l donde el tr\u00e1nsito y la circulaci\u00f3n peatonal son de vital importancia. Con un gerenciamiento log\u00edstico realizamos la colocaci\u00f3n estrat\u00e9gica de las se\u00f1ales normalizadoras del [&hellip;]<\/p>\n","protected":false},"author":2,"featured_media":0,"parent":546,"menu_order":0,"comment_status":"closed","ping_status":"closed","template":"","meta":{"footnotes":""},"class_list":["post-651","page","type-page","status-publish","hentry"],"_links":{"self":[{"href":"https:\/\/www.rivera.gub.uy\/transito\/wp-json\/wp\/v2\/pages\/651"}],"collection":[{"href":"https:\/\/www.rivera.gub.uy\/transito\/wp-json\/wp\/v2\/pages"}],"about":[{"href":"https:\/\/www.rivera.gub.uy\/transito\/wp-json\/wp\/v2\/types\/page"}],"author":[{"embeddable":true,"href":"https:\/\/www.rivera.gub.uy\/transito\/wp-json\/wp\/v2\/users\/2"}],"replies":[{"embeddable":true,"href":"https:\/\/www.rivera.gub.uy\/transito\/wp-json\/wp\/v2\/comments?post=651"}],"version-history":[{"count":3,"href":"https:\/\/www.rivera.gub.uy\/transito\/wp-json\/wp\/v2\/pages\/651\/revisions"}],"predecessor-version":[{"id":771,"href":"https:\/\/www.rivera.gub.uy\/transito\/wp-json\/wp\/v2\/pages\/651\/revisions\/771"}],"up":[{"embeddable":true,"href":"https:\/\/www.rivera.gub.uy\/transito\/wp-json\/wp\/v2\/pages\/546"}],"wp:attachment":[{"href":"https:\/\/www.rivera.gub.uy\/transito\/wp-json\/wp\/v2\/media?parent=651"}],"curies":[{"name":"wp","href":"https:\/\/api.w.org\/{rel}","templated":true}]}}