{"id":653,"date":"2017-05-31T13:33:19","date_gmt":"2017-05-31T13:33:19","guid":{"rendered":"http:\/\/www.rivera.gub.uy\/transito\/?page_id=653"},"modified":"2017-08-03T15:17:04","modified_gmt":"2017-08-03T15:17:04","slug":"fiscalizacion","status":"publish","type":"page","link":"https:\/\/www.rivera.gub.uy\/transito\/estrategias\/fiscalizacion\/","title":{"rendered":"Fiscalizaci\u00f3n"},"content":{"rendered":"<p style=\"text-align: center;\"><img loading=\"lazy\" decoding=\"async\" class=\"alignnone size-full wp-image-772\" src=\"http:\/\/www.rivera.gub.uy\/transito\/wp-content\/uploads\/2017\/05\/estrategias-fiscalizacion.png\" alt=\"Direcci\u00f3n General de Tr\u00e1nsito y Transporte - Fiscalizaci\u00f3n\" width=\"800\" height=\"350\" srcset=\"https:\/\/www.rivera.gub.uy\/transito\/wp-content\/uploads\/2017\/05\/estrategias-fiscalizacion.png 800w, https:\/\/www.rivera.gub.uy\/transito\/wp-content\/uploads\/2017\/05\/estrategias-fiscalizacion-300x131.png 300w, https:\/\/www.rivera.gub.uy\/transito\/wp-content\/uploads\/2017\/05\/estrategias-fiscalizacion-768x336.png 768w\" sizes=\"(max-width: 800px) 100vw, 800px\" \/><\/p>\n<blockquote><p>Con el objetivo de proteger vidas y reducir la siniestralidad, velamos por el cumplimiento de las normas y leyes de tr\u00e1nsito en todo el departamento; esta tarea llevamos adelante en la v\u00eda p\u00fablica a trav\u00e9s de nuestros colaboradores que integran el cuerpo inspectivo. Para lograr nuestro cometido a nivel departamental hemos establecido el Plan de Contingencia para Reducir la Siniestralidad.<\/p><\/blockquote>\n<h3>Plan de contingencia para reducir la siniestralidad<\/h3>\n<p>Es un plan de trabajo que act\u00faa en el presente, de forma r\u00e1pida e inmediata, llevando adelante operativos en calles y avenidas -de forma simult\u00e1nea- realizando el monitoreo con el objetivo de dar cumplimiento a las normas y leyes del tr\u00e1nsito.<\/p>\n<hr \/>\n<p><strong>Tolerancia Cero<br \/>\n<\/strong>Es un programa de control del tr\u00e1nsito que llevamos adelante a partir de abril de cada a\u00f1o hasta diciembre realizando las siguientes tareas:<\/p>\n<ul>\n<li>Controles de velocidad con radar<\/li>\n<li>Solicitud de propiedad del veh\u00edculo y licencia de conducir<\/li>\n<li>Control de alcoholemia y THC<\/li>\n<li>Control del estado del veh\u00edculo<\/li>\n<\/ul>\n<hr \/>\n<p><strong>Verano Azul<\/strong><br \/>\nPrograma para la prevenci\u00f3n de siniestros a trav\u00e9s de la fiscalizaci\u00f3n, llevado adelante en todo el departamento durante los meses estivales (diciembre a marzo) con tareas coordinadas entre Jefatura de Polic\u00eda y Direcci\u00f3n General de Tr\u00e1nsito y Transporte. (DGTT).<\/p>\n<hr \/>\n<p><strong>Inspecci\u00f3n T\u00e9cnica Anual Reglamentaria<\/strong><br \/>\nCon el objetivo de reducir los accidentes y lograr una circulaci\u00f3n adecuada en todo el departamento, llevamos adelante controles de gran parte del parque automotor durante los meses de octubre, noviembre y diciembre. Consiste en controlar y avalar el aspecto t\u00e9cnico reglamentario de los veh\u00edculos con una antig\u00fcedad de circulaci\u00f3n de tres a\u00f1os a la fecha. Es llevado a cabo por el cuerpo inspectivo.<\/p>\n","protected":false},"excerpt":{"rendered":"<p>Con el objetivo de proteger vidas y reducir la siniestralidad, velamos por el cumplimiento de las normas y leyes de tr\u00e1nsito en todo el departamento; esta tarea llevamos adelante en la v\u00eda p\u00fablica a trav\u00e9s de nuestros colaboradores que integran el cuerpo inspectivo. Para lograr nuestro cometido a nivel departamental hemos establecido el Plan de [&hellip;]<\/p>\n","protected":false},"author":2,"featured_media":0,"parent":546,"menu_order":0,"comment_status":"closed","ping_status":"closed","template":"","meta":{"footnotes":""},"class_list":["post-653","page","type-page","status-publish","hentry"],"_links":{"self":[{"href":"https:\/\/www.rivera.gub.uy\/transito\/wp-json\/wp\/v2\/pages\/653"}],"collection":[{"href":"https:\/\/www.rivera.gub.uy\/transito\/wp-json\/wp\/v2\/pages"}],"about":[{"href":"https:\/\/www.rivera.gub.uy\/transito\/wp-json\/wp\/v2\/types\/page"}],"author":[{"embeddable":true,"href":"https:\/\/www.rivera.gub.uy\/transito\/wp-json\/wp\/v2\/users\/2"}],"replies":[{"embeddable":true,"href":"https:\/\/www.rivera.gub.uy\/transito\/wp-json\/wp\/v2\/comments?post=653"}],"version-history":[{"count":6,"href":"https:\/\/www.rivera.gub.uy\/transito\/wp-json\/wp\/v2\/pages\/653\/revisions"}],"predecessor-version":[{"id":773,"href":"https:\/\/www.rivera.gub.uy\/transito\/wp-json\/wp\/v2\/pages\/653\/revisions\/773"}],"up":[{"embeddable":true,"href":"https:\/\/www.rivera.gub.uy\/transito\/wp-json\/wp\/v2\/pages\/546"}],"wp:attachment":[{"href":"https:\/\/www.rivera.gub.uy\/transito\/wp-json\/wp\/v2\/media?parent=653"}],"curies":[{"name":"wp","href":"https:\/\/api.w.org\/{rel}","templated":true}]}}