{"id":660,"date":"2017-05-31T14:21:46","date_gmt":"2017-05-31T14:21:46","guid":{"rendered":"http:\/\/www.rivera.gub.uy\/transito\/?page_id=660"},"modified":"2023-05-11T11:48:32","modified_gmt":"2023-05-11T11:48:32","slug":"secretaria-administrativa","status":"publish","type":"page","link":"https:\/\/www.rivera.gub.uy\/transito\/servicios\/secretaria-administrativa\/","title":{"rendered":"Secretar\u00eda Administrativa"},"content":{"rendered":"<p><a href=\"https:\/\/www.rivera.gub.uy\/transito\/wp-content\/uploads\/2023\/05\/servicios-division-secretaria-administrativa.png\"><img loading=\"lazy\" decoding=\"async\" class=\"aligncenter wp-image-5126 size-full\" src=\"https:\/\/www.rivera.gub.uy\/transito\/wp-content\/uploads\/2023\/05\/servicios-division-secretaria-administrativa.png\" alt=\"\" width=\"800\" height=\"350\" srcset=\"https:\/\/www.rivera.gub.uy\/transito\/wp-content\/uploads\/2023\/05\/servicios-division-secretaria-administrativa.png 800w, https:\/\/www.rivera.gub.uy\/transito\/wp-content\/uploads\/2023\/05\/servicios-division-secretaria-administrativa-300x131.png 300w, https:\/\/www.rivera.gub.uy\/transito\/wp-content\/uploads\/2023\/05\/servicios-division-secretaria-administrativa-768x336.png 768w\" sizes=\"(max-width: 800px) 100vw, 800px\" \/><\/a><\/p>\n<h3>Geo expedientes<\/h3>\n<p>Consta de un sistema de expedientes electr\u00f3nicos en el que actualmente trabaja la Intendencia.<\/p>\n<p>Toda solicitud realizada por la comunidad, relacionada a la Direcci\u00f3n General de Tr\u00e1nsito y Transporte y sus dependencias, a trav\u00e9s de la Mesa de Entrada de Expedientes es direccionada a nuestra divisi\u00f3n para ser ejecutada.<\/p>\n<p>Para realizar el tr\u00e1mite, la parte gestionante debe:<\/p>\n<ul>\n<li>Dirigirse al Edificio Central &#8211; Segundo subsuelo.<\/li>\n<li>Abonar el Papel Valorado, en las cajas de recaudaci\u00f3n de la Intendencia.<\/li>\n<li>Presentar la documentaci\u00f3n pertinente a la solicitud (como m\u00ednimo nota con la solicitud y fotocopia de cedula, de ser necesario m\u00e1s documentaci\u00f3n, se lo solicitar\u00e1 por escrito mediante el expediente generado).<\/li>\n<li>Aportar datos personales o de la instituci\u00f3n, si fuere el caso: Nombre, C.I. o RUT, tel\u00e9fono de contacto, direcci\u00f3n (los datos son exigidos por el sistema).<\/li>\n<\/ul>\n<hr \/>\n<ul>\n<li>Nuestro horario de atenci\u00f3n es de 08:15 a 14:45.<\/li>\n<li>La atenci\u00f3n al p\u00fablico es en forma personal.<\/li>\n<li>Atenci\u00f3n telef\u00f3nica a trav\u00e9s del <a href=\"tel:59846231900\">4623 1900<\/a> int. 227 y 144.<\/li>\n<\/ul>\n","protected":false},"excerpt":{"rendered":"<p>Geo expedientes Consta de un sistema de expedientes electr\u00f3nicos en el que actualmente trabaja la Intendencia. Toda solicitud realizada por la comunidad, relacionada a la Direcci\u00f3n General de Tr\u00e1nsito y Transporte y sus dependencias, a trav\u00e9s de la Mesa de Entrada de Expedientes es direccionada a nuestra divisi\u00f3n para ser ejecutada. Para realizar el tr\u00e1mite, [&hellip;]<\/p>\n","protected":false},"author":2,"featured_media":0,"parent":13,"menu_order":0,"comment_status":"closed","ping_status":"closed","template":"","meta":{"footnotes":""},"class_list":["post-660","page","type-page","status-publish","hentry"],"_links":{"self":[{"href":"https:\/\/www.rivera.gub.uy\/transito\/wp-json\/wp\/v2\/pages\/660"}],"collection":[{"href":"https:\/\/www.rivera.gub.uy\/transito\/wp-json\/wp\/v2\/pages"}],"about":[{"href":"https:\/\/www.rivera.gub.uy\/transito\/wp-json\/wp\/v2\/types\/page"}],"author":[{"embeddable":true,"href":"https:\/\/www.rivera.gub.uy\/transito\/wp-json\/wp\/v2\/users\/2"}],"replies":[{"embeddable":true,"href":"https:\/\/www.rivera.gub.uy\/transito\/wp-json\/wp\/v2\/comments?post=660"}],"version-history":[{"count":7,"href":"https:\/\/www.rivera.gub.uy\/transito\/wp-json\/wp\/v2\/pages\/660\/revisions"}],"predecessor-version":[{"id":5133,"href":"https:\/\/www.rivera.gub.uy\/transito\/wp-json\/wp\/v2\/pages\/660\/revisions\/5133"}],"up":[{"embeddable":true,"href":"https:\/\/www.rivera.gub.uy\/transito\/wp-json\/wp\/v2\/pages\/13"}],"wp:attachment":[{"href":"https:\/\/www.rivera.gub.uy\/transito\/wp-json\/wp\/v2\/media?parent=660"}],"curies":[{"name":"wp","href":"https:\/\/api.w.org\/{rel}","templated":true}]}}