{"id":665,"date":"2017-05-31T14:23:53","date_gmt":"2017-05-31T14:23:53","guid":{"rendered":"http:\/\/www.rivera.gub.uy\/transito\/?page_id=665"},"modified":"2025-12-04T17:41:10","modified_gmt":"2025-12-04T17:41:10","slug":"licencia-de-conducir","status":"publish","type":"page","link":"https:\/\/www.rivera.gub.uy\/transito\/servicios\/licencia-de-conducir\/","title":{"rendered":"Licencia de Conducir"},"content":{"rendered":"<div id=\"pl-665\"  class=\"panel-layout\" ><div id=\"pg-665-0\"  class=\"panel-grid panel-no-style\" ><div id=\"pgc-665-0-0\"  class=\"panel-grid-cell\" ><div id=\"panel-665-0-0-0\" class=\"so-panel widget widget_sow-editor panel-first-child\" data-index=\"0\" ><div\n\t\t\t\n\t\t\tclass=\"so-widget-sow-editor so-widget-sow-editor-base\"\n\t\t\t\n\t\t>\n<div class=\"siteorigin-widget-tinymce textwidget\">\n\t<p><a href=\"http:\/\/www.rivera.gub.uy\/transito\/wp-content\/uploads\/2017\/05\/licenciadeconductores2.png\"><img loading=\"lazy\" decoding=\"async\" class=\"aligncenter size-full wp-image-1001\" src=\"http:\/\/www.rivera.gub.uy\/transito\/wp-content\/uploads\/2017\/05\/licenciadeconductores2.png\" alt=\"\" width=\"800\" height=\"350\" srcset=\"https:\/\/www.rivera.gub.uy\/transito\/wp-content\/uploads\/2017\/05\/licenciadeconductores2.png 800w, https:\/\/www.rivera.gub.uy\/transito\/wp-content\/uploads\/2017\/05\/licenciadeconductores2-300x131.png 300w, https:\/\/www.rivera.gub.uy\/transito\/wp-content\/uploads\/2017\/05\/licenciadeconductores2-768x336.png 768w\" sizes=\"(max-width: 800px) 100vw, 800px\" \/><\/a><\/p>\n<h3>Servicios<\/h3>\n<ul>\n<li>Expedir Licencia de conducir Primario (<a href=\"https:\/\/tramites.gub.uy\/ampliados?id=4824\" target=\"_blank\" rel=\"noopener noreferrer\">ver tr\u00e1mite<\/a>)<\/li>\n<li>Renovaci\u00f3n de licencias de conducir\u00a0(<a href=\"https:\/\/tramites.gub.uy\/ampliados?id=4828\" target=\"_blank\" rel=\"noopener noreferrer\">ver tr\u00e1mite<\/a>)<\/li>\n<li>Ampliaci\u00f3n de Categor\u00eda\u00a0(<a href=\"https:\/\/tramites.gub.uy\/ampliados?id=4826\" target=\"_blank\" rel=\"noopener noreferrer\">ver tr\u00e1mite<\/a>)<\/li>\n<li>Rev\u00e1lidas\u00a0(<a href=\"https:\/\/tramites.gub.uy\/ampliados?id=4827\" target=\"_blank\" rel=\"noopener noreferrer\">ver tr\u00e1mite<\/a>)<\/li>\n<li>Duplicado de Licencia de Conducir (<a href=\"https:\/\/www.gub.uy\/tramites\/duplicado-licencia-conducir-rivera\" target=\"_blank\" rel=\"noopener noreferrer\">ver tr\u00e1mite<\/a>)<\/li>\n<li>Homologaci\u00f3n de Licencia de Conducir (<a href=\"https:\/\/www.gub.uy\/tramites\/homologacion-licencia-conducir-rivera\" target=\"_blank\" rel=\"noopener noreferrer\">ver tr\u00e1mite<\/a>)<\/li>\n<li>Expedici\u00f3n de antecedentes de Licencia de Conducir (<a href=\"https:\/\/www.gub.uy\/tramites\/expedicion-antecedentes-licencia-conducir-rivera\" target=\"_blank\" rel=\"noopener noreferrer\">ver tr\u00e1mite<\/a>)<\/li>\n<\/ul>\n<p>Todos los tr\u00e1mites nacionales se iniciar\u00e1n en Licencia de Conductores.<\/p>\n<p>Previo a la prueba te\u00f3rica, se deber\u00e1 realizar obligatoriamente el <strong>Curso de Capacitaci\u00f3n<\/strong> dictado regularmente en la IDR, para el cual se le informar\u00e1 el d\u00eda y hora una vez iniciado el tr\u00e1mite de obtenci\u00f3n de licencia (Categor\u00edas A, G1 y G2).<\/p>\n<p>S\u00f3lo se realizar\u00e1n renovaciones a aquellas personas que tienen su licencia vencida, o hasta 30 d\u00edas antes de su vencimiento.<\/p>\n<p>Se puede agendar d\u00eda y hora para iniciar el tr\u00e1mite ingresando <strong><a href=\"https:\/\/sae.rivera.gub.uy\/sae\/agendarReserva\/Paso1.xhtml?e=2&amp;a=7\" target=\"_blank\" rel=\"noopener noreferrer\">aqu\u00ed<\/a><\/strong>.<\/p>\n<p>Si su licencia se encuentra vencida en un plazo mayor a <strong>dos a\u00f1os<\/strong>\u00a0deber\u00e1 presenciar el curso de capacitaci\u00f3n para conductores, adem\u00e1s de realizar la prueba te\u00f3rica y la pr\u00e1ctica.<\/p>\n<p>Si desea tramitar una licencia de conducir profesional, deber\u00e1 solicitar agenda una vez obtenido el <strong>Certificado de antecedentes judiciales<\/strong>.<\/p>\n<\/div>\n<\/div><\/div><div id=\"panel-665-0-0-1\" class=\"so-panel widget widget_sow-editor panel-last-child\" data-index=\"1\" ><div\n\t\t\t\n\t\t\tclass=\"so-widget-sow-editor so-widget-sow-editor-base\"\n\t\t\t\n\t\t>\n<div class=\"siteorigin-widget-tinymce textwidget\">\n\t<p>&nbsp;<\/p>\n<hr \/>\n<h3><a href=\"https:\/\/drive.google.com\/file\/d\/1k94y7GDhLdHbCXyKt9cLgQ61g-VvUSW7\/view\" target=\"_blank\" rel=\"noopener noreferrer\">Gu\u00eda nacional de conducci\u00f3n<\/a><\/h3>\n<p><a href=\"https:\/\/drive.google.com\/open?id=1k94y7GDhLdHbCXyKt9cLgQ61g-VvUSW7\" target=\"_blank\" rel=\"https:\/\/drive.google.com\/open?id=1k94y7gdhldhbcxykt9clgq61g-vvusw7 noopener noreferrer\"><img loading=\"lazy\" decoding=\"async\" class=\"aligncenter wp-image-1889 size-thumbnail\" src=\"https:\/\/www.rivera.gub.uy\/transito\/wp-content\/uploads\/2019\/01\/icono-descargarpdf-150x150.png\" alt=\"\" width=\"150\" height=\"150\" srcset=\"https:\/\/www.rivera.gub.uy\/transito\/wp-content\/uploads\/2019\/01\/icono-descargarpdf-150x150.png 150w, https:\/\/www.rivera.gub.uy\/transito\/wp-content\/uploads\/2019\/01\/icono-descargarpdf-300x300.png 300w, https:\/\/www.rivera.gub.uy\/transito\/wp-content\/uploads\/2019\/01\/icono-descargarpdf.png 400w\" sizes=\"(max-width: 150px) 100vw, 150px\" \/><\/a><\/p>\n<p style=\"text-align: center;\"><a href=\"https:\/\/drive.google.com\/file\/d\/1k94y7GDhLdHbCXyKt9cLgQ61g-VvUSW7\/view\" target=\"_blank\" rel=\"noopener noreferrer\">Descargar<\/a><\/p>\n<hr \/>\n<h3><a href=\"https:\/\/drive.google.com\/file\/d\/1pk_c3KB6m36MLyWOp1A5IfOBt4oSyb83\/view\" target=\"_blank\" rel=\"noopener noreferrer\">Gu\u00eda nacional de conducci\u00f3n (profesional)<\/a><\/h3>\n<p><a href=\"https:\/\/drive.google.com\/open?id=1pk_c3KB6m36MLyWOp1A5IfOBt4oSyb83\" target=\"_blank\" rel=\"https:\/\/drive.google.com\/open?id=1pk_c3kb6m36mlywop1a5ifobt4osyb83 noopener noreferrer\"><img loading=\"lazy\" decoding=\"async\" class=\"aligncenter wp-image-1889 size-thumbnail\" src=\"https:\/\/www.rivera.gub.uy\/transito\/wp-content\/uploads\/2019\/01\/icono-descargarpdf-150x150.png\" alt=\"\" width=\"150\" height=\"150\" srcset=\"https:\/\/www.rivera.gub.uy\/transito\/wp-content\/uploads\/2019\/01\/icono-descargarpdf-150x150.png 150w, https:\/\/www.rivera.gub.uy\/transito\/wp-content\/uploads\/2019\/01\/icono-descargarpdf-300x300.png 300w, https:\/\/www.rivera.gub.uy\/transito\/wp-content\/uploads\/2019\/01\/icono-descargarpdf.png 400w\" sizes=\"(max-width: 150px) 100vw, 150px\" \/><\/a><\/p>\n<p style=\"text-align: center;\"><a href=\"https:\/\/drive.google.com\/file\/d\/1pk_c3KB6m36MLyWOp1A5IfOBt4oSyb83\/view\" target=\"_blank\" rel=\"noopener noreferrer\">Descargar<\/a><\/p>\n<hr \/>\n<p><strong>Categor\u00edas de Licencias de Conducir<br \/>\n<\/strong><\/p>\n<ul>\n<li><strong>A<\/strong> - Veh\u00edculos hasta 9 pasajeros, incluido el conductor; camionetas y veh\u00edculos con remolque, con un peso m\u00e1ximo total de hasta 4.000 kg.<\/li>\n<li><strong>B<\/strong> - Veh\u00edculos de hasta 18 pasajeros y camiones cuyo peso total (tara m\u00e1s carga) no exceda los 7.000 kg., pudiendo llevar remolque que no sobrepase los 1.500 kg. El examen pr\u00e1ctico ser\u00e1 tomado con veh\u00edculos que excedan los l\u00edmites de la Categor\u00eda A.<\/li>\n<li><strong>C<\/strong> - Veh\u00edculos de hasta 18 pasajeros y camiones simples, pudiendo llevar remolque que no sobrepase los 1.500 kg. El examen pr\u00e1ctico ser\u00e1 tomado con camiones que excedan los l\u00edmites de la Categor\u00eda B.<\/li>\n<li><strong>D<\/strong> - Veh\u00edculos de hasta 18 pasajeros y camiones sin l\u00edmite de carga. El examen pr\u00e1ctico ser\u00e1 tomado con camiones con acoplado o tractores con semirremolque.<\/li>\n<li><strong>E<\/strong> - Tax\u00edmetros, veh\u00edculos de hasta 9 pasajeros (incluido el conductor), camionetas y veh\u00edculos con remolque, con un peso m\u00e1ximo total de hasta 4.000 kg.<\/li>\n<li><strong>F<\/strong> - Micros, \u00f3mnibus y camiones simples, pudiendo llevar remolque que no sobrepase los 1.500 kg. El examen pr\u00e1ctico ser\u00e1 tomado con \u00f3mnibus de m\u00e1s de 24 pasajeros.<\/li>\n<li><strong>G1<\/strong> - Ciclomotor, sin cambios.<\/li>\n<li><strong>G2<\/strong> - Motocicletas y ciclomotores de hasta 200 c.c. de cilindrada. El examen pr\u00e1ctico ser\u00e1 tomado con motocicletas con cambios no autom\u00e1ticos.<\/li>\n<li><strong>G3<\/strong> - Motocicletas sin l\u00edmite de cilindrada. El examen pr\u00e1ctico ser\u00e1 tomado con motos de m\u00e1s de 200 c.c.<\/li>\n<li><strong>H<\/strong> - Maquinaria vial, agr\u00edcola y afines. No genera antig\u00fcedad para otras licencias. El examen pr\u00e1ctico ser\u00e1 tomado de acuerdo a la maquinaria. Tambi\u00e9n se podr\u00e1 conducir maquinarias con licencias categor\u00eda B, C, D y F.<\/li>\n<\/ul>\n<hr \/>\n<p style=\"text-align: center;\"><strong>Directora:<\/strong> Cintia Miqueiro<br \/>\nAgraciada 570 \u2013 Segundo subsuelo<br \/>\n<strong>Tel\u00e9fono:<\/strong>\u00a0<a href=\"tel:59846231900\">462 31900<\/a>\u00a0Int. 156<br \/>\n<strong>Horario de atenci\u00f3n:<\/strong>\u00a0de Lunes a Viernes de 08:15 a 14:45 horas.<br \/>\n<strong>E-mail:<\/strong>\u00a0<a href=\"mailto:licenciaconductores@rivera.gub.uy\">licenciaconductores@rivera.gub.uy<\/a><\/p>\n<p style=\"text-align: center;\">\u00daltima actualizaci\u00f3n 31\/07\/2025<\/p>\n<\/div>\n<\/div><\/div><\/div><\/div><\/div>","protected":false},"excerpt":{"rendered":"<p>Servicios Expedir Licencia de conducir Primario (ver tr\u00e1mite) Renovaci\u00f3n de licencias de conducir\u00a0(ver tr\u00e1mite) Ampliaci\u00f3n de Categor\u00eda\u00a0(ver tr\u00e1mite) Rev\u00e1lidas\u00a0(ver tr\u00e1mite) Duplicado de Licencia de Conducir (ver tr\u00e1mite) Homologaci\u00f3n de Licencia de Conducir (ver tr\u00e1mite) Expedici\u00f3n de antecedentes de Licencia de Conducir (ver tr\u00e1mite) Todos los tr\u00e1mites nacionales se iniciar\u00e1n en Licencia de Conductores. Previo a [&hellip;]<\/p>\n","protected":false},"author":2,"featured_media":0,"parent":13,"menu_order":0,"comment_status":"closed","ping_status":"closed","template":"","meta":{"footnotes":""},"class_list":["post-665","page","type-page","status-publish","hentry"],"_links":{"self":[{"href":"https:\/\/www.rivera.gub.uy\/transito\/wp-json\/wp\/v2\/pages\/665"}],"collection":[{"href":"https:\/\/www.rivera.gub.uy\/transito\/wp-json\/wp\/v2\/pages"}],"about":[{"href":"https:\/\/www.rivera.gub.uy\/transito\/wp-json\/wp\/v2\/types\/page"}],"author":[{"embeddable":true,"href":"https:\/\/www.rivera.gub.uy\/transito\/wp-json\/wp\/v2\/users\/2"}],"replies":[{"embeddable":true,"href":"https:\/\/www.rivera.gub.uy\/transito\/wp-json\/wp\/v2\/comments?post=665"}],"version-history":[{"count":42,"href":"https:\/\/www.rivera.gub.uy\/transito\/wp-json\/wp\/v2\/pages\/665\/revisions"}],"predecessor-version":[{"id":46567,"href":"https:\/\/www.rivera.gub.uy\/transito\/wp-json\/wp\/v2\/pages\/665\/revisions\/46567"}],"up":[{"embeddable":true,"href":"https:\/\/www.rivera.gub.uy\/transito\/wp-json\/wp\/v2\/pages\/13"}],"wp:attachment":[{"href":"https:\/\/www.rivera.gub.uy\/transito\/wp-json\/wp\/v2\/media?parent=665"}],"curies":[{"name":"wp","href":"https:\/\/api.w.org\/{rel}","templated":true}]}}