{"id":670,"date":"2017-05-31T14:28:20","date_gmt":"2017-05-31T14:28:20","guid":{"rendered":"http:\/\/www.rivera.gub.uy\/transito\/?page_id=670"},"modified":"2017-10-13T12:35:15","modified_gmt":"2017-10-13T12:35:15","slug":"tramites-y-habilitaciones","status":"publish","type":"page","link":"https:\/\/www.rivera.gub.uy\/transito\/servicios\/tramites-y-habilitaciones\/","title":{"rendered":"Tr\u00e1mites y Habilitaciones"},"content":{"rendered":"<p style=\"text-align: center;\">\n<p><a href=\"http:\/\/www.rivera.gub.uy\/transito\/wp-content\/uploads\/2017\/05\/tramitesyhabilitaciones.png\"><img loading=\"lazy\" decoding=\"async\" class=\"aligncenter wp-image-977 size-full\" src=\"http:\/\/www.rivera.gub.uy\/transito\/wp-content\/uploads\/2017\/05\/tramitesyhabilitaciones.png\" alt=\"\" width=\"800\" height=\"350\" srcset=\"https:\/\/www.rivera.gub.uy\/transito\/wp-content\/uploads\/2017\/05\/tramitesyhabilitaciones.png 800w, https:\/\/www.rivera.gub.uy\/transito\/wp-content\/uploads\/2017\/05\/tramitesyhabilitaciones-300x131.png 300w, https:\/\/www.rivera.gub.uy\/transito\/wp-content\/uploads\/2017\/05\/tramitesyhabilitaciones-768x336.png 768w\" sizes=\"(max-width: 800px) 100vw, 800px\" \/><\/a><\/p>\n<p style=\"text-align: right;\"><em>(Para acceder a todos los servicios deber\u00e1 tener la patente al d\u00eda)<\/em><\/p>\n<p><strong>Empadronamiento: primer registro del veh\u00edculo 0km<\/strong><\/p>\n<ul>\n<li>Requisitos:\n<ul>\n<li>Factura Original<\/li>\n<li>Seguro obligatorio, y fotocopia del mismo<\/li>\n<li>Constancia de domicilio (OSE, UTE, ANTEL)<\/li>\n<li>Fotocopia de c\u00e9dula<\/li>\n<li>Veh\u00edculo para inspeccionar<\/li>\n<li>*La factura debe estar a nombre de quien vaya a empadronar.<\/li>\n<\/ul>\n<\/li>\n<\/ul>\n<hr \/>\n<p><strong>Reempadronamiento: cuando el veh\u00edculo viene desde otro departamento.<\/strong><\/p>\n<ul>\n<li>Requisitos:\n<ul>\n<li>Constancia de domicilio (a nombre del titular del veh\u00edculo)<\/li>\n<li>*En caso de cambio de ciudad deber\u00e1 presentarse el titular, o persona apoderada.<\/li>\n<li>Fotocopia de c\u00e9dula<\/li>\n<li>Seguro obligatorio, y fotocopia del mismo<\/li>\n<li>Veh\u00edculo para inspeccionar<\/li>\n<\/ul>\n<\/li>\n<\/ul>\n<hr \/>\n<p><strong>Transferencia:<\/strong><\/p>\n<ul>\n<li>Fotocopia de C\u00e9dula de Identidad del titular del veh\u00edculo<\/li>\n<li>Fotocopia del seguro<\/li>\n<li>Fotocopia de C\u00e9dula de Identidad del futuro titular<\/li>\n<li>Veh\u00edculo para inspeccionar<\/li>\n<\/ul>\n<hr \/>\n<p><strong>Duplicado de libreta de propiedad:<\/strong><\/p>\n<ul>\n<li>Fotocopia de C\u00e9dula de identidad del titular<\/li>\n<li>Constancia de extrav\u00edo<\/li>\n<li>Fotocopia del seguro<\/li>\n<li>Veh\u00edculo para inspeccionar<\/li>\n<\/ul>\n<hr \/>\n<p><strong>Cambio de matr\u00edcula:<\/strong><\/p>\n<ul>\n<li>Constancia de extrav\u00edo<\/li>\n<li>Fotocopia de C\u00e9dula de identidad del titular<\/li>\n<li>Fotocopia del seguro<\/li>\n<li>Veh\u00edculo para inspeccionar<\/li>\n<\/ul>\n<hr \/>\n<p><strong>*Durante este a\u00f1o se har\u00e1 la rematriculaci\u00f3n:<\/strong><\/p>\n<ul>\n<li>Fotocopia de C\u00e9dula de identidad del titular<\/li>\n<li>Fotocopia del seguro<\/li>\n<li>Veh\u00edculo para inspeccionar<\/li>\n<\/ul>\n<hr \/>\n<p><strong>Constancia de tenencia de veh\u00edculos (Negativo):<\/strong><\/p>\n<ul>\n<li>Fotocopia de las c\u00e9dula de identidad del n\u00facleo familiar (solamente mayores de 18 a\u00f1os)<\/li>\n<\/ul>\n<hr \/>\n<p><strong>Certificado de antecedentes del veh\u00edculo:<\/strong><\/p>\n<ul>\n<li>Fotocopia del seguro<\/li>\n<li>Fotocopia de la libreta de empadronamiento<\/li>\n<li>Fotocopia de la c\u00e9dula de identidad<\/li>\n<\/ul>\n<hr \/>\n<p><strong>Impuesto de circulaci\u00f3n Veh\u00edculos Brasile\u00f1o:<\/strong><\/p>\n<ul>\n<li>Certificado de registro (VGHI-DETRAN, Santana do Livramento)<\/li>\n<li>Fotocopia del seguro ( SOA)<\/li>\n<li>Carta poder Circulaci\u00f3n firmado por el titular del veh\u00edculo autorizando al que pretende realizar el tr\u00e1mite<\/li>\n<li>Fotocopia de C\u00e9dula de Identidad de parte gestionante<\/li>\n<li>Veh\u00edculo para inspeccionar<\/li>\n<\/ul>\n<hr \/>\n<p><strong>Cambio de motor:<\/strong><\/p>\n<ul>\n<li>Procedencia del motor<\/li>\n<li>\u00bfC\u00f3mo adquiri\u00f3 el motor?<\/li>\n<li>Motor Usado: la baja municipal del motor y la compra escrita por escribano.<\/li>\n<li>Motor Nuevo: factura y certificado de aduana<\/li>\n<li>Firma del Titular, o un apoderado (carta poder)<\/li>\n<\/ul>\n","protected":false},"excerpt":{"rendered":"<p>(Para acceder a todos los servicios deber\u00e1 tener la patente al d\u00eda) Empadronamiento: primer registro del veh\u00edculo 0km Requisitos: Factura Original Seguro obligatorio, y fotocopia del mismo Constancia de domicilio (OSE, UTE, ANTEL) Fotocopia de c\u00e9dula Veh\u00edculo para inspeccionar *La factura debe estar a nombre de quien vaya a empadronar. Reempadronamiento: cuando el veh\u00edculo viene [&hellip;]<\/p>\n","protected":false},"author":2,"featured_media":0,"parent":13,"menu_order":0,"comment_status":"closed","ping_status":"closed","template":"","meta":{"footnotes":""},"class_list":["post-670","page","type-page","status-publish","hentry"],"_links":{"self":[{"href":"https:\/\/www.rivera.gub.uy\/transito\/wp-json\/wp\/v2\/pages\/670"}],"collection":[{"href":"https:\/\/www.rivera.gub.uy\/transito\/wp-json\/wp\/v2\/pages"}],"about":[{"href":"https:\/\/www.rivera.gub.uy\/transito\/wp-json\/wp\/v2\/types\/page"}],"author":[{"embeddable":true,"href":"https:\/\/www.rivera.gub.uy\/transito\/wp-json\/wp\/v2\/users\/2"}],"replies":[{"embeddable":true,"href":"https:\/\/www.rivera.gub.uy\/transito\/wp-json\/wp\/v2\/comments?post=670"}],"version-history":[{"count":7,"href":"https:\/\/www.rivera.gub.uy\/transito\/wp-json\/wp\/v2\/pages\/670\/revisions"}],"predecessor-version":[{"id":978,"href":"https:\/\/www.rivera.gub.uy\/transito\/wp-json\/wp\/v2\/pages\/670\/revisions\/978"}],"up":[{"embeddable":true,"href":"https:\/\/www.rivera.gub.uy\/transito\/wp-json\/wp\/v2\/pages\/13"}],"wp:attachment":[{"href":"https:\/\/www.rivera.gub.uy\/transito\/wp-json\/wp\/v2\/media?parent=670"}],"curies":[{"name":"wp","href":"https:\/\/api.w.org\/{rel}","templated":true}]}}