{"id":672,"date":"2017-05-31T14:28:58","date_gmt":"2017-05-31T14:28:58","guid":{"rendered":"http:\/\/www.rivera.gub.uy\/transito\/?page_id=672"},"modified":"2022-06-02T13:59:16","modified_gmt":"2022-06-02T13:59:16","slug":"transporte","status":"publish","type":"page","link":"https:\/\/www.rivera.gub.uy\/transito\/servicios\/transporte\/","title":{"rendered":"Transporte"},"content":{"rendered":"<p style=\"text-align: center;\"><img loading=\"lazy\" decoding=\"async\" class=\"alignnone size-full wp-image-783\" src=\"http:\/\/www.rivera.gub.uy\/transito\/wp-content\/uploads\/2017\/05\/servicios-division-transporte.png\" alt=\"Direcci\u00f3n General de Tr\u00e1nsito y Transporte - Divisi\u00f3n Transporte\" width=\"800\" height=\"350\" srcset=\"https:\/\/www.rivera.gub.uy\/transito\/wp-content\/uploads\/2017\/05\/servicios-division-transporte.png 800w, https:\/\/www.rivera.gub.uy\/transito\/wp-content\/uploads\/2017\/05\/servicios-division-transporte-300x131.png 300w, https:\/\/www.rivera.gub.uy\/transito\/wp-content\/uploads\/2017\/05\/servicios-division-transporte-768x336.png 768w\" sizes=\"(max-width: 800px) 100vw, 800px\" \/><\/p>\n<h3>Carn\u00e9 de libre tr\u00e1nsito<\/h3>\n<ul>\n<li>Inicia en Divisi\u00f3n Salud Municipal<\/li>\n<li>Tel\u00e9fono 46299949<\/li>\n<li>Horario de 11 a 14 hs. D\u00edas lunes y mi\u00e9rcoles<\/li>\n<li>Avda Italia 998 (tribuna este del Estadio Municipal)<\/li>\n<li>Culmina en Divisi\u00f3n Transporte<\/li>\n<li>Tel\u00e9fono 46231900 interno 142<\/li>\n<li>Agraciada 570 piso menos dos<\/li>\n<li>*Documentos para iniciar el tr\u00e1mite:\n<ul>\n<li>original y copia de c\u00e9dula de identidad<\/li>\n<li>dos fotos tipo carn\u00e9<\/li>\n<li>certificado del m\u00e9dico tratante<\/li>\n<li>fotocopia historia cl\u00ednica<\/li>\n<li>fotocopia de recibo de pensi\u00f3n (si la recibe)<\/li>\n<li>constancia de ingresos del n\u00facleo familiar<\/li>\n<\/ul>\n<\/li>\n<li>El tr\u00e1mite es gratuito<\/li>\n<\/ul>\n<hr \/>\n<h3>Carn\u00e9 de control (veh\u00edculos con tax\u00edmetro, \u00f3mnibus, transporte escolares, remises)<\/h3>\n<ul>\n<li>Documentos para iniciar el tr\u00e1mite:\n<ul>\n<li>Licencia de conductor acorde al servicio<\/li>\n<li>Certificado de antecedentes judiciales<\/li>\n<li>Carn\u00e9 de salud<\/li>\n<li>C\u00e9dula de identidad<\/li>\n<li>Dos fotos tipo carn\u00e9<\/li>\n<li>Costo del tr\u00e1mite 1 valorado de $ 92.<\/li>\n<\/ul>\n<\/li>\n<\/ul>\n<hr \/>\n<h3>Carn\u00e9 de pasivos<\/h3>\n<ul>\n<li>Documentos para iniciar tr\u00e1mite:\n<ul>\n<li>c\u00e9dula de identidad<\/li>\n<li>recibo de cobro de pensi\u00f3n o jubilaci\u00f3n (no podr\u00e1 superar los dos salarios m\u00ednimos)<\/li>\n<li>una foto tipo carn\u00e9<\/li>\n<\/ul>\n<\/li>\n<li>Las personas a partir de los 66 a\u00f1os solo presentar\u00e1n c\u00e9dula de identidad y una foto tipo carn\u00e9<\/li>\n<li>El tr\u00e1mite es gratuito.<\/li>\n<\/ul>\n<hr \/>\n<p><strong>Referente:<\/strong> Richard Mart\u00ednez<br \/>\n<strong>Preguntas frecuentes:<\/strong>\u00a0Las preguntas m\u00e1s frecuentes se refieren a la obtenci\u00f3n de los diferentes tipos de carn\u00e9 mencionados anteriormente, indic\u00e1ndose al interesado la documentaci\u00f3n que debe aportar.<br \/>\n<strong>\u00daltima actualizaci\u00f3n:<\/strong> \u00a031 de mayo de 2017 | Responsable de esta informaci\u00f3n: &#8211;<\/p>\n","protected":false},"excerpt":{"rendered":"<p>Carn\u00e9 de libre tr\u00e1nsito Inicia en Divisi\u00f3n Salud Municipal Tel\u00e9fono 46299949 Horario de 11 a 14 hs. D\u00edas lunes y mi\u00e9rcoles Avda Italia 998 (tribuna este del Estadio Municipal) Culmina en Divisi\u00f3n Transporte Tel\u00e9fono 46231900 interno 142 Agraciada 570 piso menos dos *Documentos para iniciar el tr\u00e1mite: original y copia de c\u00e9dula de identidad dos [&hellip;]<\/p>\n","protected":false},"author":2,"featured_media":0,"parent":13,"menu_order":0,"comment_status":"closed","ping_status":"closed","template":"","meta":{"footnotes":""},"class_list":["post-672","page","type-page","status-publish","hentry"],"_links":{"self":[{"href":"https:\/\/www.rivera.gub.uy\/transito\/wp-json\/wp\/v2\/pages\/672"}],"collection":[{"href":"https:\/\/www.rivera.gub.uy\/transito\/wp-json\/wp\/v2\/pages"}],"about":[{"href":"https:\/\/www.rivera.gub.uy\/transito\/wp-json\/wp\/v2\/types\/page"}],"author":[{"embeddable":true,"href":"https:\/\/www.rivera.gub.uy\/transito\/wp-json\/wp\/v2\/users\/2"}],"replies":[{"embeddable":true,"href":"https:\/\/www.rivera.gub.uy\/transito\/wp-json\/wp\/v2\/comments?post=672"}],"version-history":[{"count":6,"href":"https:\/\/www.rivera.gub.uy\/transito\/wp-json\/wp\/v2\/pages\/672\/revisions"}],"predecessor-version":[{"id":5096,"href":"https:\/\/www.rivera.gub.uy\/transito\/wp-json\/wp\/v2\/pages\/672\/revisions\/5096"}],"up":[{"embeddable":true,"href":"https:\/\/www.rivera.gub.uy\/transito\/wp-json\/wp\/v2\/pages\/13"}],"wp:attachment":[{"href":"https:\/\/www.rivera.gub.uy\/transito\/wp-json\/wp\/v2\/media?parent=672"}],"curies":[{"name":"wp","href":"https:\/\/api.w.org\/{rel}","templated":true}]}}