{"id":833,"date":"2017-07-12T14:02:39","date_gmt":"2017-07-12T14:02:39","guid":{"rendered":"http:\/\/www.rivera.gub.uy\/transito\/?page_id=833"},"modified":"2021-09-03T15:06:17","modified_gmt":"2021-09-03T15:06:17","slug":"tramites","status":"publish","type":"page","link":"https:\/\/www.rivera.gub.uy\/transito\/servicios\/tramites\/","title":{"rendered":"Tr\u00e1mites"},"content":{"rendered":"<ul>\n<li><strong><strong><a href=\"https:\/\/tramites.gub.uy\/ampliados?id=4826\" target=\"_blank\" rel=\"noopener noreferrer\">Ampliaci\u00f3n de Licencia de Conducir<\/a><\/strong><\/strong><\/li>\n<li><strong><strong><a href=\"https:\/\/tramites.gub.uy\/ampliados?id=4932\" target=\"_blank\" rel=\"noopener noreferrer\">Cambio de Matr\u00edcula Vehicular<\/a><\/strong><\/strong><\/li>\n<li><strong><a href=\"https:\/\/tramites.gub.uy\/ampliados?id=4937\" target=\"_blank\" rel=\"noopener noreferrer\">Cambio de Motor de Veh\u00edculos<\/a><br \/>\n<\/strong><\/li>\n<li><strong><a href=\"https:\/\/www.gub.uy\/tramites\/carne-control-transporte-publico-rivera\" target=\"_blank\" rel=\"noopener noreferrer\">Carn\u00e9 de Control para Transporte P\u00fablico<\/a><br \/>\n<\/strong><\/li>\n<li><a href=\"https:\/\/www.gub.uy\/tramites\/carne-transporte-publico-pasivos-rivera\" target=\"_blank\" rel=\"noopener noreferrer\"><strong><strong>Carn\u00e9 de transporte p\u00fablico para pasivos<\/strong><\/strong><\/a><\/li>\n<li><strong><a href=\"https:\/\/tramites.gub.uy\/ampliados?id=4934\" target=\"_blank\" rel=\"noopener noreferrer\">Constancia de Tenencia de Veh\u00edculos (Negativo)<\/a><\/strong><\/li>\n<li><strong><strong><a href=\"https:\/\/tramites.gub.uy\/ampliados?id=4930\" target=\"_blank\" rel=\"noopener noreferrer\">Duplicado de Libreta de Propiedad<\/a><\/strong><\/strong><\/li>\n<li><a href=\"https:\/\/www.gub.uy\/tramites\/duplicado-licencia-conducir-rivera\" target=\"_blank\" rel=\"noopener noreferrer\"><strong>Duplicado de Licencia de Conducir<\/strong><\/a><\/li>\n<li><strong><strong><a href=\"https:\/\/tramites.gub.uy\/ampliados?id=4928\" target=\"_blank\" rel=\"noopener noreferrer\">Empadronamiento de Veh\u00edculos<\/a><\/strong><\/strong><\/li>\n<li><a href=\"https:\/\/www.gub.uy\/tramites\/expedicion-antecedentes-licencia-conducir-rivera\" target=\"_blank\" rel=\"noopener noreferrer\"><strong>Expedici\u00f3n de antecedentes de Licencia de Conducir<\/strong><\/a><\/li>\n<li><a href=\"https:\/\/www.gub.uy\/tramites\/homologacion-licencia-conducir-rivera\" target=\"_blank\" rel=\"noopener noreferrer\"><strong>Homologaci\u00f3n de Licencia de Conducir<\/strong><\/a><\/li>\n<li><strong><strong><a href=\"https:\/\/tramites.gub.uy\/ampliados?id=4936\" target=\"_blank\" rel=\"noopener noreferrer\">Impuesto de Circulaci\u00f3n a Veh\u00edculos Brasile\u00f1os<\/a><\/strong><\/strong><\/li>\n<li><strong><a href=\"https:\/\/tramites.gub.uy\/ampliados?id=4824\" target=\"_blank\" rel=\"noopener noreferrer\">Licencia de Conducir<br \/>\n<\/a><\/strong><\/li>\n<li><strong><strong><a href=\"https:\/\/tramites.gub.uy\/ampliados?id=4929\" target=\"_blank\" rel=\"noopener noreferrer\">Reempadronamiento de Veh\u00edculos<\/a><\/strong><\/strong><\/li>\n<li><strong><strong><a href=\"https:\/\/tramites.gub.uy\/ampliados?id=4933\" target=\"_blank\" rel=\"noopener noreferrer\">Rematriculaci\u00f3n de Veh\u00edculos<\/a><\/strong><\/strong><\/li>\n<li><strong><strong><a href=\"https:\/\/tramites.gub.uy\/ampliados?id=4828\" target=\"_blank\" rel=\"noopener noreferrer\">Renovaci\u00f3n de Licencia de Conducir <\/a><\/strong><\/strong><\/li>\n<li><strong><strong><a href=\"https:\/\/tramites.gub.uy\/ampliados?id=4827\" target=\"_blank\" rel=\"noopener noreferrer\">Revalidar Licencia de Conducir <\/a><\/strong><\/strong><\/li>\n<li><strong><strong><a href=\"https:\/\/tramites.gub.uy\/ampliados?id=4935\" target=\"_blank\" rel=\"noopener noreferrer\">Solicitud de Certificado de Antecedentes del Veh\u00edculo<\/a><\/strong><\/strong><\/li>\n<li><strong><a href=\"https:\/\/tramites.gub.uy\/ampliados?id=4931\" target=\"_blank\" rel=\"noopener noreferrer\">Transferencia de Veh\u00edculos<\/a><\/strong><\/li>\n<\/ul>\n","protected":false},"excerpt":{"rendered":"<p>Ampliaci\u00f3n de Licencia de Conducir Cambio de Matr\u00edcula Vehicular Cambio de Motor de Veh\u00edculos Carn\u00e9 de Control para Transporte P\u00fablico Carn\u00e9 de transporte p\u00fablico para pasivos Constancia de Tenencia de Veh\u00edculos (Negativo) Duplicado de Libreta de Propiedad Duplicado de Licencia de Conducir Empadronamiento de Veh\u00edculos Expedici\u00f3n de antecedentes de Licencia de Conducir Homologaci\u00f3n de Licencia [&hellip;]<\/p>\n","protected":false},"author":2,"featured_media":0,"parent":13,"menu_order":0,"comment_status":"closed","ping_status":"closed","template":"","meta":{"footnotes":""},"class_list":["post-833","page","type-page","status-publish","hentry"],"_links":{"self":[{"href":"https:\/\/www.rivera.gub.uy\/transito\/wp-json\/wp\/v2\/pages\/833"}],"collection":[{"href":"https:\/\/www.rivera.gub.uy\/transito\/wp-json\/wp\/v2\/pages"}],"about":[{"href":"https:\/\/www.rivera.gub.uy\/transito\/wp-json\/wp\/v2\/types\/page"}],"author":[{"embeddable":true,"href":"https:\/\/www.rivera.gub.uy\/transito\/wp-json\/wp\/v2\/users\/2"}],"replies":[{"embeddable":true,"href":"https:\/\/www.rivera.gub.uy\/transito\/wp-json\/wp\/v2\/comments?post=833"}],"version-history":[{"count":23,"href":"https:\/\/www.rivera.gub.uy\/transito\/wp-json\/wp\/v2\/pages\/833\/revisions"}],"predecessor-version":[{"id":4572,"href":"https:\/\/www.rivera.gub.uy\/transito\/wp-json\/wp\/v2\/pages\/833\/revisions\/4572"}],"up":[{"embeddable":true,"href":"https:\/\/www.rivera.gub.uy\/transito\/wp-json\/wp\/v2\/pages\/13"}],"wp:attachment":[{"href":"https:\/\/www.rivera.gub.uy\/transito\/wp-json\/wp\/v2\/media?parent=833"}],"curies":[{"name":"wp","href":"https:\/\/api.w.org\/{rel}","templated":true}]}}