{"id":9,"date":"2017-04-04T20:26:16","date_gmt":"2017-04-04T20:26:16","guid":{"rendered":"http:\/\/www.rivera.gub.uy\/medioambiente\/?page_id=9"},"modified":"2020-08-24T14:29:05","modified_gmt":"2020-08-24T14:29:05","slug":"nosotros","status":"publish","type":"page","link":"https:\/\/www.rivera.gub.uy\/transito\/nosotros\/","title":{"rendered":"Nosotros"},"content":{"rendered":"<p><img loading=\"lazy\" decoding=\"async\" class=\"aligncenter wp-image-3047\" src=\"https:\/\/www.rivera.gub.uy\/transito\/wp-content\/uploads\/2020\/08\/nosotros-transito-300x131.png\" alt=\"\" width=\"800\" height=\"350\" srcset=\"https:\/\/www.rivera.gub.uy\/transito\/wp-content\/uploads\/2020\/08\/nosotros-transito-300x131.png 300w, https:\/\/www.rivera.gub.uy\/transito\/wp-content\/uploads\/2020\/08\/nosotros-transito-768x336.png 768w, https:\/\/www.rivera.gub.uy\/transito\/wp-content\/uploads\/2020\/08\/nosotros-transito.png 800w\" sizes=\"(max-width: 800px) 100vw, 800px\" \/><br \/>\nSomos un equipo t\u00e9cnico y administrativo capacitado para llevar adelante el ordenamiento de la circulaci\u00f3n vehicular y peatonal en todo el departamento de Rivera, fiscalizamos que todos los ciudadanos cumplan las normas de tr\u00e1nsito.<\/p>\n<p>Buscamos brindar un ambiente de circulaci\u00f3n \u00f3ptimo para el desarrollo del tr\u00e1nsito vehicular y peatonal, supervisando y educando para que se cumplan las normas adecuadas y sancionando infracciones.<\/p>\n<p>&nbsp;<\/p>\n<h3>Misi\u00f3n<\/h3>\n<p>Gestionar y educar a la poblaci\u00f3n por medio de pol\u00edticas destinadas a la supervisi\u00f3n y organizaci\u00f3n del tr\u00e1nsito. Nos guiamos por un plan estrat\u00e9gico que busca generar conductas y h\u00e1bitos correctos en la v\u00eda p\u00fablica.<\/p>\n<h3>Visi\u00f3n<\/h3>\n<p>Lograr una poblaci\u00f3n culta y responsable en materia de tr\u00e1nsito. Para eso, trabajamos d\u00eda a d\u00eda aplicando valores y h\u00e1bitos espec\u00edficos que nos permitan en el futuro ser un departamento de excelencia vial.<\/p>\n","protected":false},"excerpt":{"rendered":"<p>Somos un equipo t\u00e9cnico y administrativo capacitado para llevar adelante el ordenamiento de la circulaci\u00f3n vehicular y peatonal en todo el departamento de Rivera, fiscalizamos que todos los ciudadanos cumplan las normas de tr\u00e1nsito. Buscamos brindar un ambiente de circulaci\u00f3n \u00f3ptimo para el desarrollo del tr\u00e1nsito vehicular y peatonal, supervisando y educando para que se [&hellip;]<\/p>\n","protected":false},"author":1,"featured_media":0,"parent":0,"menu_order":0,"comment_status":"closed","ping_status":"closed","template":"","meta":{"footnotes":""},"class_list":["post-9","page","type-page","status-publish","hentry"],"_links":{"self":[{"href":"https:\/\/www.rivera.gub.uy\/transito\/wp-json\/wp\/v2\/pages\/9"}],"collection":[{"href":"https:\/\/www.rivera.gub.uy\/transito\/wp-json\/wp\/v2\/pages"}],"about":[{"href":"https:\/\/www.rivera.gub.uy\/transito\/wp-json\/wp\/v2\/types\/page"}],"author":[{"embeddable":true,"href":"https:\/\/www.rivera.gub.uy\/transito\/wp-json\/wp\/v2\/users\/1"}],"replies":[{"embeddable":true,"href":"https:\/\/www.rivera.gub.uy\/transito\/wp-json\/wp\/v2\/comments?post=9"}],"version-history":[{"count":7,"href":"https:\/\/www.rivera.gub.uy\/transito\/wp-json\/wp\/v2\/pages\/9\/revisions"}],"predecessor-version":[{"id":3049,"href":"https:\/\/www.rivera.gub.uy\/transito\/wp-json\/wp\/v2\/pages\/9\/revisions\/3049"}],"wp:attachment":[{"href":"https:\/\/www.rivera.gub.uy\/transito\/wp-json\/wp\/v2\/media?parent=9"}],"curies":[{"name":"wp","href":"https:\/\/api.w.org\/{rel}","templated":true}]}}